{"id":2,"date":"2025-10-07T14:08:39","date_gmt":"2025-10-07T12:08:39","guid":{"rendered":"https:\/\/fmmb.dk\/\/?page_id=2"},"modified":"2026-01-16T13:35:52","modified_gmt":"2026-01-16T12:35:52","slug":"forside","status":"publish","type":"page","link":"https:\/\/fmmb.dk\/","title":{"rendered":"Forside"},"content":{"rendered":"\t\t<div data-elementor-type=\"wp-page\" data-elementor-id=\"2\" class=\"elementor elementor-2\" data-elementor-post-type=\"page\">\n\t\t\t\t<div class=\"elementor-element elementor-element-594a1043 e-flex e-con-boxed e-con e-parent\" data-id=\"594a1043\" data-element_type=\"container\" data-e-type=\"container\" data-settings=\"{&quot;background_background&quot;:&quot;classic&quot;}\">\n\t\t\t\t\t<div class=\"e-con-inner\">\n\t\t<div class=\"elementor-element elementor-element-13896963 e-con-full e-flex e-con e-child\" data-id=\"13896963\" data-element_type=\"container\" data-e-type=\"container\">\n\t\t\t\t<div class=\"elementor-element elementor-element-488c7cdf elementor-invisible elementor-widget elementor-widget-heading\" data-id=\"488c7cdf\" data-element_type=\"widget\" data-e-type=\"widget\" data-settings=\"{&quot;_animation&quot;:&quot;fadeInUp&quot;}\" data-widget_type=\"heading.default\">\n\t\t\t\t\t<h5 class=\"elementor-heading-title elementor-size-default\">Find din<\/h5>\t\t\t\t<\/div>\n\t\t\t\t<div class=\"elementor-element elementor-element-1f218592 elementor-invisible elementor-widget elementor-widget-heading\" data-id=\"1f218592\" data-element_type=\"widget\" data-e-type=\"widget\" data-settings=\"{&quot;_animation&quot;:&quot;fadeInUp&quot;,&quot;_animation_delay&quot;:50}\" data-widget_type=\"heading.default\">\n\t\t\t\t\t<h1 class=\"elementor-heading-title elementor-size-default\">lokale FMMB-biograf<\/h1>\t\t\t\t<\/div>\n\t\t\t\t<div class=\"elementor-element elementor-element-e0a0e16 elementor-invisible elementor-widget elementor-widget-search\" data-id=\"e0a0e16\" data-element_type=\"widget\" data-e-type=\"widget\" data-settings=\"{&quot;submit_trigger&quot;:&quot;key_enter&quot;,&quot;live_results&quot;:&quot;yes&quot;,&quot;_animation&quot;:&quot;fadeInUp&quot;,&quot;template_id&quot;:&quot;187&quot;,&quot;minimum_search_characters&quot;:3,&quot;pagination_type_options&quot;:&quot;none&quot;,&quot;results_is_dropdown_width&quot;:&quot;search_field&quot;}\" data-widget_type=\"search.default\">\n\t\t\t\t\t\t\t<search class=\"e-search hidden\" role=\"search\">\n\t\t\t<form class=\"e-search-form\" action=\"https:\/\/fmmb.dk\" method=\"get\">\n\n\t\t\t\t\n\t\t\t\t<label class=\"e-search-label\" for=\"search-e0a0e16\">\n\t\t\t\t\t<span class=\"elementor-screen-only\">\n\t\t\t\t\t\tS\u00f8g\t\t\t\t\t<\/span>\n\t\t\t\t\t\t\t\t\t<\/label>\n\n\t\t\t\t<div class=\"e-search-input-wrapper\">\n\t\t\t\t\t<input id=\"search-e0a0e16\" placeholder=\"Skriv, for at starte med at s\u00f8ge...\" class=\"e-search-input\" type=\"search\" name=\"s\" value=\"\" autocomplete=\"on\" role=\"combobox\" aria-autocomplete=\"list\" aria-expanded=\"false\" aria-controls=\"results-e0a0e16\" aria-haspopup=\"listbox\">\n\t\t\t\t\t<svg aria-hidden=\"true\" class=\"e-font-icon-svg e-fas-times\" viewBox=\"0 0 352 512\" xmlns=\"http:\/\/www.w3.org\/2000\/svg\"><path d=\"M242.72 256l100.07-100.07c12.28-12.28 12.28-32.19 0-44.48l-22.24-22.24c-12.28-12.28-32.19-12.28-44.48 0L176 189.28 75.93 89.21c-12.28-12.28-32.19-12.28-44.48 0L9.21 111.45c-12.28 12.28-12.28 32.19 0 44.48L109.28 256 9.21 356.07c-12.28 12.28-12.28 32.19 0 44.48l22.24 22.24c12.28 12.28 32.2 12.28 44.48 0L176 322.72l100.07 100.07c12.28 12.28 32.2 12.28 44.48 0l22.24-22.24c12.28-12.28 12.28-32.19 0-44.48L242.72 256z\"><\/path><\/svg>\t\t\t\t\t\t\t\t\t\t<output id=\"results-e0a0e16\" class=\"e-search-results-container hide-loader\" aria-live=\"polite\" aria-atomic=\"true\" aria-label=\"Results for search\" tabindex=\"0\">\n\t\t\t\t\t\t<div class=\"e-search-results\"><\/div>\n\t\t\t\t\t\t\t\t\t<div class=\"e-search-loader\">\n\t\t\t\t<svg xmlns=\"http:\/\/www.w3.org\/2000\/svg\" viewBox=\"0 0 28 28\">\n\t\t\t\t\t<path fill-rule=\"evenodd\" d=\"M14 .188c.587 0 1.063.475 1.063 1.062V5.5a1.063 1.063 0 0 1-2.126 0V1.25c0-.587.476-1.063 1.063-1.063ZM4.182 4.181a1.063 1.063 0 0 1 1.503 0L8.73 7.228A1.062 1.062 0 1 1 7.228 8.73L4.182 5.685a1.063 1.063 0 0 1 0-1.503Zm19.636 0a1.063 1.063 0 0 1 0 1.503L20.772 8.73a1.062 1.062 0 1 1-1.502-1.502l3.045-3.046a1.063 1.063 0 0 1 1.503 0ZM.188 14c0-.587.475-1.063 1.062-1.063H5.5a1.063 1.063 0 0 1 0 2.126H1.25A1.063 1.063 0 0 1 .187 14Zm21.25 0c0-.587.475-1.063 1.062-1.063h4.25a1.063 1.063 0 0 1 0 2.126H22.5A1.063 1.063 0 0 1 21.437 14ZM8.73 19.27a1.062 1.062 0 0 1 0 1.502l-3.045 3.046a1.063 1.063 0 0 1-1.503-1.503l3.046-3.046a1.063 1.063 0 0 1 1.502 0Zm10.54 0a1.063 1.063 0 0 1 1.502 0l3.046 3.045a1.063 1.063 0 0 1-1.503 1.503l-3.046-3.046a1.063 1.063 0 0 1 0-1.502ZM14 21.438c.587 0 1.063.475 1.063 1.062v4.25a1.063 1.063 0 0 1-2.126 0V22.5c0-.587.476-1.063 1.063-1.063Z\"\/>\n\t\t\t\t<\/svg>\n\t\t\t<\/div>\n\t\t\t\t\t\t\t\t<\/output>\n\t\t\t\t\t\t\t\t\t<\/div>\n\t\t\t\t\n\t\t\t\t\n\t\t\t\t<button class=\"e-search-submit elementor-screen-only \" type=\"submit\" aria-label=\"S\u00f8g\">\n\t\t\t\t\t\n\t\t\t\t\t\t\t\t\t<\/button>\n\t\t\t\t<input type=\"hidden\" name=\"e_search_props\" value=\"e0a0e16-2\">\n\t\t\t<\/form>\n\t\t<\/search>\n\t\t\t\t\t\t<\/div>\n\t\t\t\t<div class=\"elementor-element elementor-element-60c85d9f elementor-invisible elementor-widget elementor-widget-image\" data-id=\"60c85d9f\" data-element_type=\"widget\" data-e-type=\"widget\" data-settings=\"{&quot;_animation&quot;:&quot;fadeInUp&quot;,&quot;_animation_delay&quot;:200}\" data-widget_type=\"image.default\">\n\t\t\t\t\t\t\t\t\t\t\t\t\t\t\t<img decoding=\"async\" width=\"64\" height=\"107\" src=\"https:\/\/fmmb.dk\/wp-content\/uploads\/2025\/10\/icon-arrow.png\" class=\"attachment-full size-full wp-image-14\" alt=\"\" \/>\t\t\t\t\t\t\t\t\t\t\t\t\t\t\t<\/div>\n\t\t\t\t<div class=\"elementor-element elementor-element-7b858798 elementor-invisible elementor-widget elementor-widget-heading\" data-id=\"7b858798\" data-element_type=\"widget\" data-e-type=\"widget\" data-settings=\"{&quot;_animation&quot;:&quot;fadeInUp&quot;,&quot;_animation_delay&quot;:250}\" data-widget_type=\"heading.default\">\n\t\t\t\t\t<h3 class=\"elementor-heading-title elementor-size-default\"><a href=\"https:\/\/fmmb.dk\/?page_id=84\">Eller g\u00e5 til vores medlemsoversigt ved at klikke her...<\/a><\/h3>\t\t\t\t<\/div>\n\t\t\t\t<\/div>\n\t\t\t\t\t<\/div>\n\t\t\t\t<\/div>\n\t\t<div class=\"elementor-element elementor-element-19235274 e-flex e-con-boxed e-con e-parent\" data-id=\"19235274\" data-element_type=\"container\" data-e-type=\"container\" data-settings=\"{&quot;background_background&quot;:&quot;classic&quot;}\">\n\t\t\t\t\t<div class=\"e-con-inner\">\n\t\t<div class=\"elementor-element elementor-element-3d16ce4b e-con-full e-flex e-con e-child\" data-id=\"3d16ce4b\" data-element_type=\"container\" data-e-type=\"container\">\n\t\t\t\t<div class=\"elementor-element elementor-element-11cdcb41 elementor-invisible elementor-widget elementor-widget-heading\" data-id=\"11cdcb41\" data-element_type=\"widget\" data-e-type=\"widget\" data-settings=\"{&quot;_animation&quot;:&quot;fadeInUp&quot;}\" data-widget_type=\"heading.default\">\n\t\t\t\t\t<h6 class=\"elementor-heading-title elementor-size-default\">Seneste nyt fra FMMB<\/h6>\t\t\t\t<\/div>\n\t\t\t\t<div class=\"elementor-element elementor-element-43e818b7 elementor-invisible elementor-widget elementor-widget-heading\" data-id=\"43e818b7\" data-element_type=\"widget\" data-e-type=\"widget\" data-settings=\"{&quot;_animation&quot;:&quot;fadeInUp&quot;,&quot;_animation_delay&quot;:70}\" data-widget_type=\"heading.default\">\n\t\t\t\t\t<h2 class=\"elementor-heading-title elementor-size-default\">Nyheder<\/h2>\t\t\t\t<\/div>\n\t\t\t\t<\/div>\n\t\t\t\t\t<\/div>\n\t\t\t\t<\/div>\n\t\t<div class=\"elementor-element elementor-element-1607c939 e-flex e-con-boxed e-con e-parent\" data-id=\"1607c939\" data-element_type=\"container\" data-e-type=\"container\">\n\t\t\t\t\t<div class=\"e-con-inner\">\n\t\t<div class=\"elementor-element elementor-element-4e83e2e8 e-con-full e-flex e-con e-child\" data-id=\"4e83e2e8\" data-element_type=\"container\" data-e-type=\"container\">\n\t\t\t\t<div class=\"elementor-element elementor-element-a63741 elementor-invisible elementor-widget elementor-widget-tfposts\" data-id=\"a63741\" data-element_type=\"widget\" data-e-type=\"widget\" data-settings=\"{&quot;_animation&quot;:&quot;fadeInUp&quot;,&quot;_animation_delay&quot;:200}\" data-widget_type=\"tfposts.default\">\n\t\t\t\t<div class=\"elementor-widget-container\">\n\t\t\t\t\t\t\t<div id=\"tf-posts-a63741\" class=\"tf-posts-a63741 tf-posts-wrap column-3 tablet-column-3 mobile-column-1  no-arrow no-bullets grid-styles-default featured-post-top  \" data-tabid=\"a63741\" data-class_id=\"tf-posts-a63741\" data-loop=\"\" data-auto=\"\" data-column=\"\" data-column2=\"\" data-column3=\"\" data-spacer=\"\" data-prev_icon=\"\" data-next_icon=\"\" >\t\t\t\r\n\t\t\t<div class=\"tf-posts  grid\">\r\n\t\t\t\t\t\t\t\t\t\t\r\n\t\t\t\t\t\t\t\t<div class=\"column\">\r\n\t\t\t\t\t<div class=\"entry blog-post\">\r\n\t\t\t\t\t\t\t\t\t\t\t\t\t\t\t\t\t\t\t\t\t\t\t\t\t\t\t<div class=\"featured-post\">\r\n\t\t\t\t\t\t\t\t\t\t\t\t<img decoding=\"async\" src=\"https:\/\/fmmb.dk\/wp-content\/uploads\/2026\/01\/Firefly-Moede-i-plenum-hvor-mange-europaerer-lytter-intenst-til-formandens-beretning.-73257.jpg\" alt=\"image\">\t\t\t\t\t\t\t\t\t\t\t\t\t\t\t\t\t\t\t\t\t\t\t\t<a href=\"https:\/\/fmmb.dk\/?p=111\" class=\"overlay\">\r\n\t\t\t\t\t\t\t\t\t\t\t\t\t<i class=\"fas fa-plus\" aria-hidden=\"true\"><\/i>\t\t\t\t\t\t\t\t\t\t\t\t<\/a>\r\n\t\t\t\t\t\t\t\t\t\t\t\t\t\t\t\t\t\t\t\t\t\r\n\t\t\t\t\t\t\t\t\t\t\t<\/div>\r\n\t\t\t\t\t\t\t\t\t\t\t\t\t\t\t\t\t\t\t\t\t\t\t<div class=\"box-time\">\r\n\t\t\t\t\t\t\t\t\t\t\t\t\t\t\t\t\t\t\t\t\t\t\t\t\t\t<a href=\"https:\/\/fmmb.dk\/?m=20260114\">\r\n\t\t\t\t\t\t\t\t\t\t\t\t\t\t<span class=\"day\">14<\/span>\r\n\t\t\t\t\t\t\t\t\t\t\t\t\t\t<span class=\"month\">jan<\/span>\r\n\t\t\t\t\t\t\t\t\t\t\t\t\t<\/a>\r\n\t\t\t\t\t\t\t\t\t\t\t\t<\/div>\r\n\t\t\t\t\t\t\t\t\t\t\t\t\t\t\t\t\t\t\t\t\t\t\r\n\t\t\t\t\t\t\t\t\t\t\t\t\t\t\t\t\t\t\t\t\t\t\t\t\t\t\t\t<div class=\"content\">\r\n\t\t\t\t\t\t\t\t\t\t\t\t\t\t\t\t\t\t\t\t\t\t\t\t\t\t\t\t\t\t\t\t\t<ul class=\"post-meta\">\r\n\t\t\t\t\t\t\t\t\t\t\t\t\t\r\n\t\t\t\t\t\t\t\t\t\t\t\t\t\r\n\t\t\t\t\t\t\t\t\t\t\t\t\t\t\t\t\t\t\t\t\t\t\t\t\t\t<li class=\"post-date\">\r\n\t\t\t\t\t\t\t\t\t\t\t\t\t\t\t\t\t\t\t\t\t\t\t\t\t\t\t\t\t\t\t\t\t\t\t\t\t\t\t\t\t\t<a href=\"https:\/\/fmmb.dk\/?m=20260114\">14. januar 2026<\/a>\r\n\r\n\t\t\t\t\t\t\t\t\t\t\t\t\t<\/li>\t\t\t\t\t\t\t\t\t\t\r\n\t\t\t\t\t\t\t\t\t\t\t\t\t\r\n\t\t\t\t\t\t\t\t\t\t\t\t\t\t\t\t\t\t\t\t\t\t\t\t\t<\/ul>\r\n\t\t\t\t\t\t\t\t\t\t\t\t\t\t\t\t\t\r\n\t\t\t\t\t\t\t\t\t\t\r\n\t\t\t\t\t\t\t\t\t\t\t\t\t\t\t\t\t\t\t\t\t<h2 class=\"title\"><a href=\"https:\/\/fmmb.dk\/?p=111\" title=\"FMMB-konference 2026\">FMMB-konference 2026<\/a><\/h2>\r\n\t\t\t\t\t\t\t\t\t\t\r\n\t\t\t\t\t\t\t\t\t\t\t\t\t\t\t\t\t\t\t\t\t\t\t\t\t\t\t\r\n\t\t\t\t\t\t\t\t\t\t\r\n\t\t\t\t\t\t\t\t\t\t\r\n\t\t\t\t\t\t\t\t\t\t\t\t\t\t\t\t\t\t\t\t\t<div class=\"content-post\">Vi planl\u00e6gger ny FMMB konference i 2026, hvor din biograf kan blive opdateret p\u00e5 sp\u00e6ndende&hellip;<\/div>\r\n\t\t\t\t\t\t\t\t\t\t\t\t\t\t\t\t\t\t\t\t\r\n\t\t\t\t\t\t\t\t\t\t\t\t\t\t\t\t\t\t\t\t\t<div class=\"tf-button-container \">\r\n\t\t\t\t\t\t\t\t\t\t\t\t<a href=\"https:\/\/fmmb.dk\/?p=111\" class=\"tf-button bt_icon_after\">\r\n\t\t\t\t\t\t\t\t\t\t\t\t\tL\u00e6s mere<i class=\"fas fa-angle-double-right\" aria-hidden=\"true\"><\/i> \r\n\t\t\t\t\t\t\t\t\t\t\t\t<\/a>\r\n\t\t\t\t\t\t\t\t\t\t\t<\/div>\r\n\t\t\t\t\t\t\t\t\t\t\t\t\t\t\t\t\r\n\t\t\t\t\t\t\t\t\t<\/div>\r\n\t\t\t\t\t\t\t\t\t\t\t\t\t\t\t\t\r\n\t\t\t\t\t<\/div>\r\n\t\t\t\t<\/div>\r\n\t\t\t\t\t\t\t\t<div class=\"column\">\r\n\t\t\t\t\t<div class=\"entry blog-post\">\r\n\t\t\t\t\t\t\t\t\t\t\t\t\t\t\t\t\t\t\t\t\t\t\t\t\t\t\t<div class=\"featured-post\">\r\n\t\t\t\t\t\t\t\t\t\t\t\t<img decoding=\"async\" src=\"https:\/\/fmmb.dk\/wp-content\/uploads\/2026\/01\/Firefly-moede-omkring-bordet-80550.jpg\" alt=\"image\">\t\t\t\t\t\t\t\t\t\t\t\t\t\t\t\t\t\t\t\t\t\t\t\t<a href=\"https:\/\/fmmb.dk\/?p=109\" class=\"overlay\">\r\n\t\t\t\t\t\t\t\t\t\t\t\t\t<i class=\"fas fa-plus\" aria-hidden=\"true\"><\/i>\t\t\t\t\t\t\t\t\t\t\t\t<\/a>\r\n\t\t\t\t\t\t\t\t\t\t\t\t\t\t\t\t\t\t\t\t\t\r\n\t\t\t\t\t\t\t\t\t\t\t<\/div>\r\n\t\t\t\t\t\t\t\t\t\t\t\t\t\t\t\t\t\t\t\t\t\t\t<div class=\"box-time\">\r\n\t\t\t\t\t\t\t\t\t\t\t\t\t\t\t\t\t\t\t\t\t\t\t\t\t\t<a href=\"https:\/\/fmmb.dk\/?m=20260114\">\r\n\t\t\t\t\t\t\t\t\t\t\t\t\t\t<span class=\"day\">14<\/span>\r\n\t\t\t\t\t\t\t\t\t\t\t\t\t\t<span class=\"month\">jan<\/span>\r\n\t\t\t\t\t\t\t\t\t\t\t\t\t<\/a>\r\n\t\t\t\t\t\t\t\t\t\t\t\t<\/div>\r\n\t\t\t\t\t\t\t\t\t\t\t\t\t\t\t\t\t\t\t\t\t\t\r\n\t\t\t\t\t\t\t\t\t\t\t\t\t\t\t\t\t\t\t\t\t\t\t\t\t\t\t\t<div class=\"content\">\r\n\t\t\t\t\t\t\t\t\t\t\t\t\t\t\t\t\t\t\t\t\t\t\t\t\t\t\t\t\t\t\t\t\t<ul class=\"post-meta\">\r\n\t\t\t\t\t\t\t\t\t\t\t\t\t\r\n\t\t\t\t\t\t\t\t\t\t\t\t\t\r\n\t\t\t\t\t\t\t\t\t\t\t\t\t\t\t\t\t\t\t\t\t\t\t\t\t\t<li class=\"post-date\">\r\n\t\t\t\t\t\t\t\t\t\t\t\t\t\t\t\t\t\t\t\t\t\t\t\t\t\t\t\t\t\t\t\t\t\t\t\t\t\t\t\t\t\t<a href=\"https:\/\/fmmb.dk\/?m=20260114\">14. januar 2026<\/a>\r\n\r\n\t\t\t\t\t\t\t\t\t\t\t\t\t<\/li>\t\t\t\t\t\t\t\t\t\t\r\n\t\t\t\t\t\t\t\t\t\t\t\t\t\r\n\t\t\t\t\t\t\t\t\t\t\t\t\t\t\t\t\t\t\t\t\t\t\t\t\t<\/ul>\r\n\t\t\t\t\t\t\t\t\t\t\t\t\t\t\t\t\t\r\n\t\t\t\t\t\t\t\t\t\t\r\n\t\t\t\t\t\t\t\t\t\t\t\t\t\t\t\t\t\t\t\t\t<h2 class=\"title\"><a href=\"https:\/\/fmmb.dk\/?p=109\" title=\"Nyt bestyrelsesmedlem\">Nyt bestyrelsesmedlem<\/a><\/h2>\r\n\t\t\t\t\t\t\t\t\t\t\r\n\t\t\t\t\t\t\t\t\t\t\t\t\t\t\t\t\t\t\t\t\t\t\t\t\t\t\t\r\n\t\t\t\t\t\t\t\t\t\t\r\n\t\t\t\t\t\t\t\t\t\t\r\n\t\t\t\t\t\t\t\t\t\t\t\t\t\t\t\t\t\t\t\t\t<div class=\"content-post\">FMMB byder velkommen til nyt bestyrelsesmedlem, Signe Madsen fra Bio Langeland.Samtidig takker vi Leif S&hellip;<\/div>\r\n\t\t\t\t\t\t\t\t\t\t\t\t\t\t\t\t\t\t\t\t\r\n\t\t\t\t\t\t\t\t\t\t\t\t\t\t\t\t\t\t\t\t\t<div class=\"tf-button-container \">\r\n\t\t\t\t\t\t\t\t\t\t\t\t<a href=\"https:\/\/fmmb.dk\/?p=109\" class=\"tf-button bt_icon_after\">\r\n\t\t\t\t\t\t\t\t\t\t\t\t\tL\u00e6s mere<i class=\"fas fa-angle-double-right\" aria-hidden=\"true\"><\/i> \r\n\t\t\t\t\t\t\t\t\t\t\t\t<\/a>\r\n\t\t\t\t\t\t\t\t\t\t\t<\/div>\r\n\t\t\t\t\t\t\t\t\t\t\t\t\t\t\t\t\r\n\t\t\t\t\t\t\t\t\t<\/div>\r\n\t\t\t\t\t\t\t\t\t\t\t\t\t\t\t\t\r\n\t\t\t\t\t<\/div>\r\n\t\t\t\t<\/div>\r\n\t\t\t\t\t\t\t\t<div class=\"column\">\r\n\t\t\t\t\t<div class=\"entry blog-post\">\r\n\t\t\t\t\t\t\t\t\t\t\t\t\t\t\t\t\t\t\t\t\t\t\t\t\t\t\t<div class=\"featured-post\">\r\n\t\t\t\t\t\t\t\t\t\t\t\t<img decoding=\"async\" src=\"https:\/\/fmmb.dk\/wp-content\/uploads\/2026\/01\/Firefly-stor-konference-med-mange-mennesker-80550.jpg\" alt=\"image\">\t\t\t\t\t\t\t\t\t\t\t\t\t\t\t\t\t\t\t\t\t\t\t\t<a href=\"https:\/\/fmmb.dk\/?p=110\" class=\"overlay\">\r\n\t\t\t\t\t\t\t\t\t\t\t\t\t<i class=\"fas fa-plus\" aria-hidden=\"true\"><\/i>\t\t\t\t\t\t\t\t\t\t\t\t<\/a>\r\n\t\t\t\t\t\t\t\t\t\t\t\t\t\t\t\t\t\t\t\t\t\r\n\t\t\t\t\t\t\t\t\t\t\t<\/div>\r\n\t\t\t\t\t\t\t\t\t\t\t\t\t\t\t\t\t\t\t\t\t\t\t<div class=\"box-time\">\r\n\t\t\t\t\t\t\t\t\t\t\t\t\t\t\t\t\t\t\t\t\t\t\t\t\t\t<a href=\"https:\/\/fmmb.dk\/?m=20260114\">\r\n\t\t\t\t\t\t\t\t\t\t\t\t\t\t<span class=\"day\">14<\/span>\r\n\t\t\t\t\t\t\t\t\t\t\t\t\t\t<span class=\"month\">jan<\/span>\r\n\t\t\t\t\t\t\t\t\t\t\t\t\t<\/a>\r\n\t\t\t\t\t\t\t\t\t\t\t\t<\/div>\r\n\t\t\t\t\t\t\t\t\t\t\t\t\t\t\t\t\t\t\t\t\t\t\r\n\t\t\t\t\t\t\t\t\t\t\t\t\t\t\t\t\t\t\t\t\t\t\t\t\t\t\t\t<div class=\"content\">\r\n\t\t\t\t\t\t\t\t\t\t\t\t\t\t\t\t\t\t\t\t\t\t\t\t\t\t\t\t\t\t\t\t\t<ul class=\"post-meta\">\r\n\t\t\t\t\t\t\t\t\t\t\t\t\t\r\n\t\t\t\t\t\t\t\t\t\t\t\t\t\r\n\t\t\t\t\t\t\t\t\t\t\t\t\t\t\t\t\t\t\t\t\t\t\t\t\t\t<li class=\"post-date\">\r\n\t\t\t\t\t\t\t\t\t\t\t\t\t\t\t\t\t\t\t\t\t\t\t\t\t\t\t\t\t\t\t\t\t\t\t\t\t\t\t\t\t\t<a href=\"https:\/\/fmmb.dk\/?m=20260114\">14. januar 2026<\/a>\r\n\r\n\t\t\t\t\t\t\t\t\t\t\t\t\t<\/li>\t\t\t\t\t\t\t\t\t\t\r\n\t\t\t\t\t\t\t\t\t\t\t\t\t\r\n\t\t\t\t\t\t\t\t\t\t\t\t\t\t\t\t\t\t\t\t\t\t\t\t\t<\/ul>\r\n\t\t\t\t\t\t\t\t\t\t\t\t\t\t\t\t\t\r\n\t\t\t\t\t\t\t\t\t\t\r\n\t\t\t\t\t\t\t\t\t\t\t\t\t\t\t\t\t\t\t\t\t<h2 class=\"title\"><a href=\"https:\/\/fmmb.dk\/?p=110\" title=\"Generalforsamling 2026\">Generalforsamling 2026<\/a><\/h2>\r\n\t\t\t\t\t\t\t\t\t\t\r\n\t\t\t\t\t\t\t\t\t\t\t\t\t\t\t\t\t\t\t\t\t\t\t\t\t\t\t\r\n\t\t\t\t\t\t\t\t\t\t\r\n\t\t\t\t\t\t\t\t\t\t\r\n\t\t\t\t\t\t\t\t\t\t\t\t\t\t\t\t\t\t\t\t\t<div class=\"content-post\">L\u00f8rdag den 28. marts 2026 kl. 11:00 afholdes der generalforsamling i FMMB. Det foreg\u00e5r i&hellip;<\/div>\r\n\t\t\t\t\t\t\t\t\t\t\t\t\t\t\t\t\t\t\t\t\r\n\t\t\t\t\t\t\t\t\t\t\t\t\t\t\t\t\t\t\t\t\t<div class=\"tf-button-container \">\r\n\t\t\t\t\t\t\t\t\t\t\t\t<a href=\"https:\/\/fmmb.dk\/?p=110\" class=\"tf-button bt_icon_after\">\r\n\t\t\t\t\t\t\t\t\t\t\t\t\tL\u00e6s mere<i class=\"fas fa-angle-double-right\" aria-hidden=\"true\"><\/i> \r\n\t\t\t\t\t\t\t\t\t\t\t\t<\/a>\r\n\t\t\t\t\t\t\t\t\t\t\t<\/div>\r\n\t\t\t\t\t\t\t\t\t\t\t\t\t\t\t\t\r\n\t\t\t\t\t\t\t\t\t<\/div>\r\n\t\t\t\t\t\t\t\t\t\t\t\t\t\t\t\t\r\n\t\t\t\t\t<\/div>\r\n\t\t\t\t<\/div>\r\n\t\t\t\t\t\t\t\t\t\t\t<\/div>\r\n\t\t\t\t\r\n\t\t\t\t\t<\/div>\r\n\r\n\t\t\t\t\t\t<\/div>\n\t\t\t\t<\/div>\n\t\t\t\t<\/div>\n\t\t\t\t\t<\/div>\n\t\t\t\t<\/div>\n\t\t<div class=\"elementor-element elementor-element-51b08095 e-con-full e-flex e-con e-parent\" data-id=\"51b08095\" data-element_type=\"container\" data-e-type=\"container\">\n\t\t<div class=\"elementor-element elementor-element-27e3d55b e-con-full e-flex e-con e-child\" data-id=\"27e3d55b\" data-element_type=\"container\" data-e-type=\"container\" data-settings=\"{&quot;background_background&quot;:&quot;classic&quot;}\">\n\t\t<div class=\"elementor-element elementor-element-6c85e33 e-con-full e-flex e-con e-child\" data-id=\"6c85e33\" data-element_type=\"container\" data-e-type=\"container\">\n\t\t<div class=\"elementor-element elementor-element-d9b5bde e-con-full e-flex e-con e-child\" data-id=\"d9b5bde\" data-element_type=\"container\" data-e-type=\"container\">\n\t\t\t\t<div class=\"elementor-element elementor-element-7ab2b761 elementor-invisible elementor-widget elementor-widget-heading\" data-id=\"7ab2b761\" data-element_type=\"widget\" data-e-type=\"widget\" data-settings=\"{&quot;_animation&quot;:&quot;fadeInUp&quot;}\" data-widget_type=\"heading.default\">\n\t\t\t\t\t<h6 class=\"elementor-heading-title elementor-size-default\">Hvem er vi? <\/h6>\t\t\t\t<\/div>\n\t\t\t\t<div class=\"elementor-element elementor-element-7bfcefbe elementor-invisible elementor-widget elementor-widget-heading\" data-id=\"7bfcefbe\" data-element_type=\"widget\" data-e-type=\"widget\" data-settings=\"{&quot;_animation&quot;:&quot;fadeInUp&quot;,&quot;_animation_delay&quot;:70}\" data-widget_type=\"heading.default\">\n\t\t\t\t\t<h2 class=\"elementor-heading-title elementor-size-default\">FMMB er en af syv <br>biografforeninger i Danmark.<\/h2>\t\t\t\t<\/div>\n\t\t\t\t<div class=\"elementor-element elementor-element-72b2211d elementor-invisible elementor-widget elementor-widget-text-editor\" data-id=\"72b2211d\" data-element_type=\"widget\" data-e-type=\"widget\" data-settings=\"{&quot;_animation&quot;:&quot;fadeInUp&quot;,&quot;_animation_delay&quot;:140}\" data-widget_type=\"text-editor.default\">\n\t\t\t\t\t\t\t\t\t<p>Foreningen af mindre og mellemstore biografer i daglig tale FMMB, varetager interesser for disse i alle henseender og g\u00f8r det nemmere at drive biograf og skabe gode oplevelser for publikum. P\u00e5 denne hjemmeside kan du finde din n\u00e6rmeste FMMB biografer, som for de flestes vedkommende er foreningsdrevet og nonprofit. Biograferne lever og \u00e5nder for at skabe gode film og kulturoplevelser i alle hj\u00f8rner og kanter af Kongeriget Danmark.<\/p>\t\t\t\t\t\t\t\t<\/div>\n\t\t\t\t<div class=\"elementor-element elementor-element-02b9818 elementor-align-center elementor-widget elementor-widget-button\" data-id=\"02b9818\" data-element_type=\"widget\" data-e-type=\"widget\" data-widget_type=\"button.default\">\n\t\t\t\t\t\t\t\t\t\t<a class=\"elementor-button elementor-button-link elementor-size-sm\" href=\"https:\/\/fmmb.dk\/?page_id=83\">\n\t\t\t\t\t\t<span class=\"elementor-button-content-wrapper\">\n\t\t\t\t\t\t\t\t\t<span class=\"elementor-button-text\">Bestyrelsen bag fmmb<\/span>\n\t\t\t\t\t<\/span>\n\t\t\t\t\t<\/a>\n\t\t\t\t\t\t\t\t<\/div>\n\t\t\t\t<\/div>\n\t\t\t\t<\/div>\n\t\t\t\t<\/div>\n\t\t\t\t<\/div>\n\t\t\t\t<\/div>\n\t\t","protected":false},"excerpt":{"rendered":"<p>Find din lokale FMMB-biograf S\u00f8g Eller g\u00e5 til vores medlemsoversigt ved at klikke her&#8230; Seneste nyt fra FMMB Nyheder 14 jan 14. januar 2026 FMMB-konference 2026 Vi planl\u00e6gger ny FMMB konference i 2026, hvor din biograf kan blive opdateret p\u00e5 sp\u00e6ndende&hellip; L\u00e6s mere 14 jan 14. januar 2026 Nyt bestyrelsesmedlem FMMB byder velkommen til nyt [&hellip;]<\/p>\n","protected":false},"author":1,"featured_media":0,"parent":0,"menu_order":0,"comment_status":"closed","ping_status":"closed","template":"elementor_header_footer","meta":{"footnotes":""},"class_list":["post-2","page","type-page","status-publish","hentry"],"_links":{"self":[{"href":"https:\/\/fmmb.dk\/index.php?rest_route=\/wp\/v2\/pages\/2","targetHints":{"allow":["GET"]}}],"collection":[{"href":"https:\/\/fmmb.dk\/index.php?rest_route=\/wp\/v2\/pages"}],"about":[{"href":"https:\/\/fmmb.dk\/index.php?rest_route=\/wp\/v2\/types\/page"}],"author":[{"embeddable":true,"href":"https:\/\/fmmb.dk\/index.php?rest_route=\/wp\/v2\/users\/1"}],"replies":[{"embeddable":true,"href":"https:\/\/fmmb.dk\/index.php?rest_route=%2Fwp%2Fv2%2Fcomments&post=2"}],"version-history":[{"count":76,"href":"https:\/\/fmmb.dk\/index.php?rest_route=\/wp\/v2\/pages\/2\/revisions"}],"predecessor-version":[{"id":787,"href":"https:\/\/fmmb.dk\/index.php?rest_route=\/wp\/v2\/pages\/2\/revisions\/787"}],"wp:attachment":[{"href":"https:\/\/fmmb.dk\/index.php?rest_route=%2Fwp%2Fv2%2Fmedia&parent=2"}],"curies":[{"name":"wp","href":"https:\/\/api.w.org\/{rel}","templated":true}]}}